{"id":2020,"date":"2016-03-21T07:11:16","date_gmt":"2016-03-21T10:11:16","guid":{"rendered":"http:\/\/connection.modeltheme.com\/?page_id=2020"},"modified":"2023-07-10T22:45:43","modified_gmt":"2023-07-10T21:45:43","slug":"sobre","status":"publish","type":"page","link":"https:\/\/eurocasa.pt\/index.php\/sobre\/","title":{"rendered":"Sobre"},"content":{"rendered":"<section class=\"wpb-content-wrapper\"><p>[vc_row full_width=&#8221;stretch_row&#8221; css=&#8221;.vc_custom_1497339147574{margin-top: 0px !important;margin-bottom: 0px !important;padding-top: 100px !important;padding-bottom: 0px !important;background-color: #f7f7f7 !important;}&#8221;][vc_column width=&#8221;1\/2&#8243; css=&#8221;.vc_custom_1497339056680{margin-top: 0px !important;padding-top: 0px !important;}&#8221;][vc_custom_heading text=&#8221;Somos l\u00edderes na venda de casas.&#8221; font_container=&#8221;tag:h1|font_size:50px|text_align:left|color:%23252525|line_height:60px&#8221; google_fonts=&#8221;font_family:Ubuntu%3A300%2C300italic%2Cregular%2Citalic%2C500%2C500italic%2C700%2C700italic|font_style:700%20bold%20regular%3A700%3Anormal&#8221; css_animation=&#8221;fadeIn&#8221;][vc_empty_space height=&#8221;45px&#8221;][vc_column_text css_animation=&#8221;fadeIn&#8221;]A Ag\u00eancia EuroCasa \u00e9 uma empresa especializada em servi\u00e7os imobili\u00e1rios em Portugal. Com vasta experi\u00eancia no mercado, a EuroCasa oferece uma ampla variedade de servi\u00e7os,na vendas de casas e apartamentos<\/p>\n<p>A EuroCasa possui uma equipe de profissionais altamente qualificados e experientes, que oferecem um atendimento personalizado e eficiente aos clientes. Com uma vasta carteira de im\u00f3veis, a EuroCasa tem op\u00e7\u00f5es para todos os tipos de investidores e clientes, desde apartamentos e casas de luxo at\u00e9 terrenos e propriedades rurais.<\/p>\n<p>Al\u00e9m disso, a EuroCasa mant\u00e9m-se atualizada em rela\u00e7\u00e3o \u00e0s tend\u00eancias e novidades do setor imobili\u00e1rio, buscando constantemente aprimorar seus servi\u00e7os e oferecer as melhores solu\u00e7\u00f5es aos clientes. A ag\u00eancia tamb\u00e9m se preocupa com a sustentabilidade e o impacto ambiental, buscando promover pr\u00e1ticas sustent\u00e1veis em suas opera\u00e7\u00f5es e na sele\u00e7\u00e3o de im\u00f3veis ecologicamente conscientes.<\/p>\n<p>Al\u00e9m disso, a EuroCasa oferece servi\u00e7os de consultoria imobili\u00e1ria, assessoria jur\u00eddica e financeira, facilitando todo o processo de investimento em Portugal.<\/p>\n<p>A EuroCasa est\u00e1 comprometida em fornecer um servi\u00e7o de alta qualidade aos seus clientes, sempre com transpar\u00eancia, \u00e9tica e profissionalismo. Se voc\u00ea est\u00e1 procurando por um servi\u00e7o imobili\u00e1rio de confian\u00e7a em Portugal, a EuroCasa \u00e9 a escolha certa.[\/vc_column_text][vc_empty_space height=&#8221;30px&#8221;][\/vc_column][vc_column width=&#8221;1\/2&#8243; offset=&#8221;vc_hidden-md vc_hidden-sm vc_hidden-xs&#8221;][vc_single_image image=&#8221;8845&#8243; img_size=&#8221;full&#8221; alignment=&#8221;center&#8221; css=&#8221;.vc_custom_1688627569178{margin-top: 150px !important;}&#8221;][\/vc_column][\/vc_row][vc_row full_width=&#8221;stretch_row&#8221; css=&#8221;.vc_custom_1497347608053{margin-top: 20px !important;margin-bottom: 0px !important;padding-top: 0px !important;padding-bottom: 0px !important;}&#8221;][vc_column width=&#8221;1\/3&#8243;][vc_single_image image=&#8221;8848&#8243; img_size=&#8221;full&#8221; alignment=&#8221;center&#8221; css_animation=&#8221;appear&#8221; css=&#8221;.vc_custom_1687979834457{margin-bottom: 30px !important;border-radius: 10px !important;}&#8221;][\/vc_column][vc_column width=&#8221;2\/3&#8243;][vc_column_text]<img loading=\"lazy\" decoding=\"async\" class=\"alignleft wp-image-8077 size-full\" src=\"http:\/\/urbanpoint.modeltheme.com\/wp-content\/uploads\/2016\/03\/theme_urbanpoint_img7_new.png\" alt=\"\" width=\"142\" height=\"142\" srcset=\"https:\/\/eurocasa.pt\/wp-content\/uploads\/2016\/03\/theme_urbanpoint_img7_new.png 142w, https:\/\/eurocasa.pt\/wp-content\/uploads\/2016\/03\/theme_urbanpoint_img7_new-100x100.png 100w\" sizes=\"(max-width: 142px) 100vw, 142px\" \/><\/p>\n<p>&nbsp;<\/p>\n<h1 style=\"text-align: left; margin-top: 0px;\"><strong>Experi\u00eancia com venda de casas<\/strong><\/h1>\n<p style=\"text-align: left;\">A experi\u00eancia na venda de casas envolve habilidades em negocia\u00e7\u00e3o, conhecimento do mercado imobili\u00e1rio e capacidade de entender as necessidades dos clientes. \u00c9 um processo gratificante e desafiador.<\/p>\n<p>[\/vc_column_text][vc_empty_space height=&#8221;20px&#8221;][vc_column_text]<img loading=\"lazy\" decoding=\"async\" class=\"wp-image-8078 size-full alignleft\" src=\"http:\/\/urbanpoint.modeltheme.com\/wp-content\/uploads\/2016\/03\/theme_urbanpoint_img8_new.png\" alt=\"\" width=\"142\" height=\"142\" srcset=\"https:\/\/eurocasa.pt\/wp-content\/uploads\/2016\/03\/theme_urbanpoint_img8_new.png 142w, https:\/\/eurocasa.pt\/wp-content\/uploads\/2016\/03\/theme_urbanpoint_img8_new-100x100.png 100w\" sizes=\"(max-width: 142px) 100vw, 142px\" \/><\/p>\n<p>&nbsp;<\/p>\n<h1 style=\"text-align: left; margin-top: 0px;\"><strong>L\u00edderes em venda de casas.<\/strong><\/h1>\n<p style=\"text-align: left;\">L\u00edderes em venda de casas s\u00e3o profissionais experientes, que dominam o mercado imobili\u00e1rio e possuem habilidades excepcionais de negocia\u00e7\u00e3o e atendimento ao cliente.<\/p>\n<p>[\/vc_column_text][vc_empty_space height=&#8221;20px&#8221;][vc_column_text]<img loading=\"lazy\" decoding=\"async\" class=\"wp-image-8079 size-full alignleft\" src=\"http:\/\/urbanpoint.modeltheme.com\/wp-content\/uploads\/2016\/03\/theme_urbanpoint_img9_new.png\" alt=\"\" width=\"142\" height=\"142\" srcset=\"https:\/\/eurocasa.pt\/wp-content\/uploads\/2016\/03\/theme_urbanpoint_img9_new.png 142w, https:\/\/eurocasa.pt\/wp-content\/uploads\/2016\/03\/theme_urbanpoint_img9_new-100x100.png 100w\" sizes=\"(max-width: 142px) 100vw, 142px\" \/><\/p>\n<p>&nbsp;<\/p>\n<h1 style=\"text-align: left; margin-top: 0px;\">Quer comprar uma casa<\/h1>\n<p style=\"text-align: left;\">Conte com nossa experi\u00eancia e expertise no mercado imobili\u00e1rio para encontrar a casa dos seus sonhos.<\/p>\n<p>[\/vc_column_text][\/vc_column][\/vc_row][vc_row full_width=&#8221;stretch_row&#8221; css=&#8221;.vc_custom_1497355782827{margin-top: 0px !important;margin-bottom: 0px !important;padding-top: 110px !important;padding-bottom: 75px !important;background-color: #f7f7f7 !important;}&#8221;][vc_column width=&#8221;1\/2&#8243; css=&#8221;.vc_custom_1497355715784{margin-top: 20px !important;padding-top: 0px !important;}&#8221;][vc_custom_heading text=&#8221;Entrar em contato&#8221; font_container=&#8221;tag:h1|font_size:50px|text_align:left|color:%23252525|line_height:60px&#8221; google_fonts=&#8221;font_family:Ubuntu%3A300%2C300italic%2Cregular%2Citalic%2C500%2C500italic%2C700%2C700italic|font_style:700%20bold%20regular%3A700%3Anormal&#8221; css_animation=&#8221;fadeIn&#8221;][vc_empty_space height=&#8221;12px&#8221;][vc_column_text css_animation=&#8221;appear&#8221;]Fique \u00e0 vontade para entrar em contato conosco e aproveitar nossos servi\u00e7os de assist\u00eancia personalizada. Estamos \u00e0 disposi\u00e7\u00e3o para fornecer informa\u00e7\u00f5es adicionais e ajud\u00e1-lo da melhor forma poss\u00edvel.[\/vc_column_text][vc_empty_space height=&#8221;30px&#8221;][vc_row_inner][vc_column_inner width=&#8221;1\/2&#8243;]<style type=\"text\/css\" scoped>\n                .mt-icon-list-item:hover i, .mt-icon-list-item:hover {\n                    color: #009dde !important;\n                }\n              <\/style><div class=\"mt-icon-list-item\"><div class=\"mt-icon-list-icon-holder\">\n                  <div class=\"mt-icon-list-icon-holder-inner clearfix\"><i style=\"margin-right:15px; color:#009dde;font-size:24px\" class=\"fa fa-envelope\"><\/i><\/div>\n                <\/div>\n                <p class=\"mt-icon-list-text\" style=\"font-size: 15pxpx; color: #252525\">contato@eurocasa.pt<\/p><\/div>[vc_empty_space height=&#8221;15px&#8221;]<style type=\"text\/css\" scoped>\n                .mt-icon-list-item:hover i, .mt-icon-list-item:hover {\n                    color: #009dde !important;\n                }\n              <\/style><div class=\"mt-icon-list-item\"><div class=\"mt-icon-list-icon-holder\">\n                  <div class=\"mt-icon-list-icon-holder-inner clearfix\"><i style=\"margin-right:15px; color:#009dde;font-size:24px\" class=\"fa fa-clock-o\"><\/i><\/div>\n                <\/div>\n                <p class=\"mt-icon-list-text\" style=\"font-size: 15pxpx; color: #252525\">Mon-Sat: 9:00 - 18:00<\/p><\/div>[\/vc_column_inner][vc_column_inner width=&#8221;1\/2&#8243;]<style type=\"text\/css\" scoped>\n                .mt-icon-list-item:hover i, .mt-icon-list-item:hover {\n                    color: #009dde !important;\n                }\n              <\/style><div class=\"mt-icon-list-item\"><div class=\"mt-icon-list-icon-holder\">\n                  <div class=\"mt-icon-list-icon-holder-inner clearfix\"><i style=\"margin-right:15px; color:#009dde;font-size:24px\" class=\"fa fa-phone\"><\/i><\/div>\n                <\/div>\n                <p class=\"mt-icon-list-text\" style=\"font-size: 15pxpx; color: #252525\">(+044)7706 786636<\/p><\/div>[vc_empty_space height=&#8221;15px&#8221;][\/vc_column_inner][\/vc_row_inner][\/vc_column][vc_column width=&#8221;1\/2&#8243;]\n<div class=\"wpcf7 no-js\" id=\"wpcf7-f7104-o1\" lang=\"en-US\" dir=\"ltr\">\n<div class=\"screen-reader-response\"><p role=\"status\" aria-live=\"polite\" aria-atomic=\"true\"><\/p> <ul><\/ul><\/div>\n<form action=\"\/index.php\/wp-json\/wp\/v2\/pages\/2020#wpcf7-f7104-o1\" method=\"post\" class=\"wpcf7-form init\" aria-label=\"Contact form\" novalidate=\"novalidate\" data-status=\"init\">\n<div style=\"display: none;\">\n<input type=\"hidden\" name=\"_wpcf7\" value=\"7104\" \/>\n<input type=\"hidden\" name=\"_wpcf7_version\" value=\"5.9.8\" \/>\n<input type=\"hidden\" name=\"_wpcf7_locale\" value=\"en_US\" \/>\n<input type=\"hidden\" name=\"_wpcf7_unit_tag\" value=\"wpcf7-f7104-o1\" \/>\n<input type=\"hidden\" name=\"_wpcf7_container_post\" value=\"0\" \/>\n<input type=\"hidden\" name=\"_wpcf7_posted_data_hash\" value=\"\" \/>\n<\/div>\n<div class=\"col-md-6\">\n\t<div class=\"first-name-input\">\n\t\t<p><label>Nome<\/label><br \/>\n<span class=\"wpcf7-form-control-wrap\" data-name=\"first-name\"><input size=\"40\" maxlength=\"400\" class=\"wpcf7-form-control wpcf7-text wpcf7-validates-as-required\" aria-required=\"true\" aria-invalid=\"false\" value=\"\" type=\"text\" name=\"first-name\" \/><\/span>\n\t\t<\/p>\n\t<\/div>\n\t<div class=\"subject-input\">\n\t\t<p><label>Assunto<\/label><br \/>\n<span class=\"wpcf7-form-control-wrap\" data-name=\"your-subject\"><input size=\"40\" maxlength=\"400\" class=\"wpcf7-form-control wpcf7-text\" aria-invalid=\"false\" value=\"\" type=\"text\" name=\"your-subject\" \/><\/span>\n\t\t<\/p>\n\t<\/div>\n<\/div>\n<div class=\"col-md-6\">\n\t<div class=\"last-name-input\">\n\t\t<p><label>Sobrenome<\/label><br \/>\n<span class=\"wpcf7-form-control-wrap\" data-name=\"last-name\"><input size=\"40\" maxlength=\"400\" class=\"wpcf7-form-control wpcf7-text wpcf7-validates-as-required\" aria-required=\"true\" aria-invalid=\"false\" value=\"\" type=\"text\" name=\"last-name\" \/><\/span>\n\t\t<\/p>\n\t<\/div>\n\t<div class=\"email-input\">\n\t\t<p><label>Email<\/label><br \/>\n<span class=\"wpcf7-form-control-wrap\" data-name=\"your-email\"><input size=\"40\" maxlength=\"400\" class=\"wpcf7-form-control wpcf7-email wpcf7-validates-as-required wpcf7-text wpcf7-validates-as-email\" aria-required=\"true\" aria-invalid=\"false\" value=\"\" type=\"email\" name=\"your-email\" \/><\/span>\n\t\t<\/p>\n\t<\/div>\n<\/div>\n<div class=\"col-md-12\">\n\t<div class=\"message-input\">\n\t\t<p><label>Mensagem<\/label><br \/>\n<span class=\"wpcf7-form-control-wrap\" data-name=\"your-message\"><textarea cols=\"3\" rows=\"3\" maxlength=\"2000\" class=\"wpcf7-form-control wpcf7-textarea\" aria-invalid=\"false\" name=\"your-message\"><\/textarea><\/span>\n\t\t<\/p>\n\t<\/div>\n<\/div>\n<div class=\"col-md-12\">\n\t<p><input class=\"wpcf7-form-control wpcf7-submit has-spinner\" type=\"submit\" value=\"Enviar mensagem &rarr;\" \/>\n\t<\/p>\n<\/div><div class=\"wpcf7-response-output\" aria-hidden=\"true\"><\/div>\n<\/form>\n<\/div>\n[\/vc_column][\/vc_row][vc_row full_width=&#8221;stretch_row&#8221; css=&#8221;.vc_custom_1495527471795{margin-top: 0px !important;margin-bottom: 0px !important;padding-top: 40px !important;padding-bottom: 85px !important;background-color: #009dde !important;}&#8221;][vc_column][vc_custom_heading text=&#8221;Quer uma casa ou vender uma? Ligue-nos <strong>+44 7706786636<\/strong>&#8221; font_container=&#8221;tag:h2|font_size:30px|text_align:center|color:%23ffffff&#8221; google_fonts=&#8221;font_family:Ubuntu%3A300%2C300italic%2Cregular%2Citalic%2C500%2C500italic%2C700%2C700italic|font_style:400%20regular%3A400%3Anormal&#8221; css_animation=&#8221;appear&#8221;][\/vc_column][\/vc_row]<\/p>\n<\/section>","protected":false},"excerpt":{"rendered":"<p>[vc_row full_width=&#8221;stretch_row&#8221; css=&#8221;.vc_custom_1497339147574{margin-top: 0px !important;margin-bottom: 0px !important;padding-top: 100px !important;padding-bottom: 0px !important;background-color: #f7f7f7 !important;}&#8221;][vc_column width=&#8221;1\/2&#8243; css=&#8221;.vc_custom_1497339056680{margin-top: 0px !important;padding-top: 0px !important;}&#8221;][vc_custom_heading text=&#8221;Somos l\u00edderes na venda de casas.&#8221; font_container=&#8221;tag:h1|font_size:50px|text_align:left|color:%23252525|line_height:60px&#8221; google_fonts=&#8221;font_family:Ubuntu%3A300%2C300italic%2Cregular%2Citalic%2C500%2C500italic%2C700%2C700italic|font_style:700%20bold%20regular%3A700%3Anormal&#8221; css_animation=&#8221;fadeIn&#8221;][vc_empty_space height=&#8221;45px&#8221;][vc_column_text css_animation=&#8221;fadeIn&#8221;]A Ag\u00eancia EuroCasa \u00e9 uma empresa especializada em servi\u00e7os imobili\u00e1rios em Portugal. Com vasta experi\u00eancia no mercado, a EuroCasa oferece uma ampla variedade de servi\u00e7os,na vendas [&hellip;]<\/p>\n","protected":false},"author":1,"featured_media":0,"parent":0,"menu_order":0,"comment_status":"closed","ping_status":"closed","template":"","meta":{"footnotes":""},"_links":{"self":[{"href":"https:\/\/eurocasa.pt\/index.php\/wp-json\/wp\/v2\/pages\/2020"}],"collection":[{"href":"https:\/\/eurocasa.pt\/index.php\/wp-json\/wp\/v2\/pages"}],"about":[{"href":"https:\/\/eurocasa.pt\/index.php\/wp-json\/wp\/v2\/types\/page"}],"author":[{"embeddable":true,"href":"https:\/\/eurocasa.pt\/index.php\/wp-json\/wp\/v2\/users\/1"}],"replies":[{"embeddable":true,"href":"https:\/\/eurocasa.pt\/index.php\/wp-json\/wp\/v2\/comments?post=2020"}],"version-history":[{"count":10,"href":"https:\/\/eurocasa.pt\/index.php\/wp-json\/wp\/v2\/pages\/2020\/revisions"}],"predecessor-version":[{"id":9080,"href":"https:\/\/eurocasa.pt\/index.php\/wp-json\/wp\/v2\/pages\/2020\/revisions\/9080"}],"wp:attachment":[{"href":"https:\/\/eurocasa.pt\/index.php\/wp-json\/wp\/v2\/media?parent=2020"}],"curies":[{"name":"wp","href":"https:\/\/api.w.org\/{rel}","templated":true}]}}